{"id":1305,"date":"2014-10-31T13:33:30","date_gmt":"2014-10-31T11:33:30","guid":{"rendered":"http:\/\/blogs.dw.com\/dwsportplus\/?page_id=1305"},"modified":"2014-10-31T13:33:30","modified_gmt":"2014-10-31T11:33:30","slug":"downloads","status":"publish","type":"page","link":"https:\/\/dwsportplus.de\/deutsche-welle-chor\/uber-dwsport\/downloads\/","title":{"rendered":"Downloads"},"content":{"rendered":"<p>Hier bekommen sie alle ben\u00f6tigten Dokumente als PDF zum Download bereitgestellt. Sollten sie etwas vermissen senden sie bitte eine Mail an dwsportplus@dw.com .<\/p>\n<p><a href=\"http:\/\/dwsportplus.de\/wp-content\/uploads\/2020\/01\/Beitrittserklaerung.pdf\">Beitrittserkl\u00e4rung<br \/>\n<\/a><a href=\"http:\/\/dwsportplus.de\/wp-content\/uploads\/2020\/01\/Beitrittserklaerung-Sportraeume.pdf\">Beitrittserkl\u00e4rung Sportr\u00e4ume<br \/>\n<\/a><a href=\"http:\/\/dwsportplus.de\/wp-content\/uploads\/2020\/01\/Beitrittserklaerung_Vereinsmitglieder.pdf\">Beitrittserkl\u00e4rung_Sportr\u00e4ume Vereinsmitglieder<br \/>\n<\/a><a href=\"http:\/\/dwsportplus.de\/wp-content\/uploads\/2020\/01\/Einzugsermaechtigung_Sparkasse-K\u00f6lnBonn.pdf\">Einzugsermaechtigung_Sparkasse KoelnBonn<\/a><a href=\"http:\/\/dwsportplus.de\/wp-content\/uploads\/2020\/01\/Einzugsermaechtigung_Sparkasse-KoelnBonn.pdf\"><br \/>\n<\/a><a href=\"http:\/\/dwsportplus.de\/wp-content\/uploads\/2020\/01\/Einzugsermaechtigung.pdf\"><br \/>\n<\/a><a href=\"http:\/\/dwsportplus.de\/wp-content\/uploads\/2020\/01\/DWSportPlus-Satzung.pdf\" target=\"_blank\" rel=\"noopener noreferrer\">Satzung<br \/>\n<\/a><a href=\"http:\/\/dwsportplus.de\/wp-content\/uploads\/2020\/01\/2018_11_Sport-Angebot.pdf\">Sparten\u00fcbersicht<\/a><\/p>\n<p>&nbsp;<\/p>\n<p>&nbsp;<\/p>\n","protected":false},"excerpt":{"rendered":"<p>Hier bekommen sie alle ben\u00f6tigten Dokumente als PDF zum Download bereitgestellt. Sollten sie etwas vermissen senden sie bitte eine Mail an dwsportplus@dw.com . Beitrittserkl\u00e4rung Beitrittserkl\u00e4rung Sportr\u00e4ume Beitrittserkl\u00e4rung_Sportr\u00e4ume Vereinsmitglieder Einzugsermaechtigung_Sparkasse KoelnBonn Satzung Sparten\u00fcbersicht &nbsp; &nbsp;<\/p>\n","protected":false},"author":4,"featured_media":0,"parent":21,"menu_order":0,"comment_status":"closed","ping_status":"open","template":"","meta":{"footnotes":""},"class_list":["post-1305","page","type-page","status-publish","hentry"],"_links":{"self":[{"href":"https:\/\/dwsportplus.de\/deutsche-welle-chor\/wp-json\/wp\/v2\/pages\/1305","targetHints":{"allow":["GET"]}}],"collection":[{"href":"https:\/\/dwsportplus.de\/deutsche-welle-chor\/wp-json\/wp\/v2\/pages"}],"about":[{"href":"https:\/\/dwsportplus.de\/deutsche-welle-chor\/wp-json\/wp\/v2\/types\/page"}],"author":[{"embeddable":true,"href":"https:\/\/dwsportplus.de\/deutsche-welle-chor\/wp-json\/wp\/v2\/users\/4"}],"replies":[{"embeddable":true,"href":"https:\/\/dwsportplus.de\/deutsche-welle-chor\/wp-json\/wp\/v2\/comments?post=1305"}],"version-history":[{"count":0,"href":"https:\/\/dwsportplus.de\/deutsche-welle-chor\/wp-json\/wp\/v2\/pages\/1305\/revisions"}],"up":[{"embeddable":true,"href":"https:\/\/dwsportplus.de\/deutsche-welle-chor\/wp-json\/wp\/v2\/pages\/21"}],"wp:attachment":[{"href":"https:\/\/dwsportplus.de\/deutsche-welle-chor\/wp-json\/wp\/v2\/media?parent=1305"}],"curies":[{"name":"wp","href":"https:\/\/api.w.org\/{rel}","templated":true}]}}